{"id":21,"date":"2013-06-26T16:00:16","date_gmt":"2013-06-26T15:00:16","guid":{"rendered":"http:\/\/www.freie-schule-regenbogen.de\/wordpress\/?page_id=21"},"modified":"2026-04-27T20:18:04","modified_gmt":"2026-04-27T19:18:04","slug":"start","status":"publish","type":"page","link":"https:\/\/www.freie-schule-regenbogen.de\/wordpress\/","title":{"rendered":"\u26a0\ufe0f Unsere Website wird gerade \u00fcberarbeitet."},"content":{"rendered":"\n<p>W\u00e4hrenddessen finden Sie aktuelle Informationen \u00fcber unsere Schule auf unserer \u00dcbergangsseite:<\/p>\n\n\n\n<p>\ud83d\udc49&nbsp;<a href=\"https:\/\/soloist.ai\/freie-schule-regenbogen\">https:\/\/soloist.ai\/freie-schule-regenbogen<\/a><\/p>\n\n\n\n<p>Vielen Dank f\u00fcr Ihr Verst\u00e4ndnis!<\/p>\n\n\n\n<p><\/p>\n\n\n\n<figure class=\"wp-block-image size-large\"><img fetchpriority=\"high\" decoding=\"async\" width=\"1024\" height=\"768\" src=\"https:\/\/www.freie-schule-regenbogen.de\/wordpress\/wp-content\/uploads\/2026\/04\/Regenbogen-Schule-Illustration-1-1024x768.jpg\" alt=\"\" class=\"wp-image-3647\" srcset=\"https:\/\/www.freie-schule-regenbogen.de\/wordpress\/wp-content\/uploads\/2026\/04\/Regenbogen-Schule-Illustration-1-1024x768.jpg 1024w, https:\/\/www.freie-schule-regenbogen.de\/wordpress\/wp-content\/uploads\/2026\/04\/Regenbogen-Schule-Illustration-1-300x225.jpg 300w, https:\/\/www.freie-schule-regenbogen.de\/wordpress\/wp-content\/uploads\/2026\/04\/Regenbogen-Schule-Illustration-1-768x576.jpg 768w, https:\/\/www.freie-schule-regenbogen.de\/wordpress\/wp-content\/uploads\/2026\/04\/Regenbogen-Schule-Illustration-1-1536x1151.jpg 1536w, https:\/\/www.freie-schule-regenbogen.de\/wordpress\/wp-content\/uploads\/2026\/04\/Regenbogen-Schule-Illustration-1-2048x1535.jpg 2048w\" sizes=\"(max-width: 1024px) 100vw, 1024px\" \/><\/figure>\n\n\n\n<p><\/p>\n\n\n\n<h4 class=\"wp-block-heading\">NEWS: Freie Kindergartenpl\u00e4tze zu vergeben<\/h4>\n\n\n\n<p>Bei uns darf jedes Kind einfach Kind sein \u2013 neugierig, wild, kreativ und genau richtig, so wie es ist. \ud83d\udc9b<br>In einer warmen, achtsamen Gemeinschaft wachsen wir gemeinsam auf.<\/p>\n\n\n\n<p>Aktuell haben wir noch&nbsp;<strong>wenige Pl\u00e4tze f\u00fcr Kinder ab 2 Jahren frei<\/strong>.<\/p>\n\n\n\n<p>Wenn ihr uns kennenlernen wollt, meldet euch gern:<\/p>\n\n\n\n<p>Telefon: 0361-6534514<\/p>\n\n\n\n<p>Mail: <a href=\"mailto:kindergarten@freie-schule-regenbogen.de\">kindergarten@freie-schule-regenbogen.de<\/a><\/p>\n\n\n\n<p>Wir freuen uns auf neugierige Kinder und interessierte Familien, die mit uns wachsen m\u00f6chten. \ud83c\udf08<\/p>\n","protected":false},"excerpt":{"rendered":"<p>W\u00e4hrenddessen finden Sie aktuelle Informationen \u00fcber unsere Schule auf unserer \u00dcbergangsseite: \ud83d\udc49&nbsp;https:\/\/soloist.ai\/freie-schule-regenbogen Vielen Dank f\u00fcr Ihr Verst\u00e4ndnis! NEWS: Freie Kindergartenpl\u00e4tze zu vergeben Bei uns darf jedes Kind einfach Kind sein \u2013 neugierig, wild, kreativ und genau richtig, so wie es ist. \ud83d\udc9bIn einer warmen, achtsamen Gemeinschaft wachsen wir gemeinsam auf. Aktuell haben wir noch&nbsp;wenige Pl\u00e4tze [&hellip;]<\/p>\n","protected":false},"author":2,"featured_media":0,"parent":0,"menu_order":0,"comment_status":"closed","ping_status":"closed","template":"","meta":{"footnotes":""},"class_list":["post-21","page","type-page","status-publish","hentry"],"_links":{"self":[{"href":"https:\/\/www.freie-schule-regenbogen.de\/wordpress\/wp-json\/wp\/v2\/pages\/21","targetHints":{"allow":["GET"]}}],"collection":[{"href":"https:\/\/www.freie-schule-regenbogen.de\/wordpress\/wp-json\/wp\/v2\/pages"}],"about":[{"href":"https:\/\/www.freie-schule-regenbogen.de\/wordpress\/wp-json\/wp\/v2\/types\/page"}],"author":[{"embeddable":true,"href":"https:\/\/www.freie-schule-regenbogen.de\/wordpress\/wp-json\/wp\/v2\/users\/2"}],"replies":[{"embeddable":true,"href":"https:\/\/www.freie-schule-regenbogen.de\/wordpress\/wp-json\/wp\/v2\/comments?post=21"}],"version-history":[{"count":80,"href":"https:\/\/www.freie-schule-regenbogen.de\/wordpress\/wp-json\/wp\/v2\/pages\/21\/revisions"}],"predecessor-version":[{"id":3667,"href":"https:\/\/www.freie-schule-regenbogen.de\/wordpress\/wp-json\/wp\/v2\/pages\/21\/revisions\/3667"}],"wp:attachment":[{"href":"https:\/\/www.freie-schule-regenbogen.de\/wordpress\/wp-json\/wp\/v2\/media?parent=21"}],"curies":[{"name":"wp","href":"https:\/\/api.w.org\/{rel}","templated":true}]}}