{"id":313,"date":"2013-10-13T23:33:15","date_gmt":"2013-10-13T22:33:15","guid":{"rendered":"http:\/\/www.freie-schule-regenbogen.de\/wordpress\/?page_id=313"},"modified":"2023-11-19T22:44:21","modified_gmt":"2023-11-19T21:44:21","slug":"faq","status":"publish","type":"page","link":"https:\/\/www.freie-schule-regenbogen.de\/wordpress\/faq\/","title":{"rendered":"FAQ"},"content":{"rendered":"<h3 style=\"text-align: center;\">H\u00e4ufig gestellte Fragen<\/h3>\n<h4><span style=\"color: #ff0000;\">Frage: Warum hei\u00dft die Regenbogenschule denn \u201eRegenbogenschule\u201c?<\/span><\/h4>\n<p><span style=\"color: #000000;\"><strong>Antwort:<\/strong> <\/span>Der Name bezieht sich auf die Vielzahl der Farben in einem Regenbogen \u2013 ein Symbol f\u00fcr die Tatsache, dass es den Kindern an unserer Schule m\u00f6glich ist, den Kindergarten- und Schulalltag auf ihre eigene individuelle Weise zu bew\u00e4ltigen.<\/p>\n<h4><span style=\"color: #ffcc00;\">Frage: Ist an der Regenbogenschule ein Schulgeld zu zahlen?<\/span><\/h4>\n<p><span style=\"color: #000000;\"><strong>Antwort:<\/strong> <\/span>Ja, denn die Regenbogenschule ist eine \u201eSchule in freier Tr\u00e4gerschaft\u201c. Das Land Th\u00fcringen gibt aber nur einen Teil der Mittel f\u00fcr einen Schulplatz in staatlichen Einrichtungen f\u00fcr einen Schulplatz in sogenannten Privatschulen aus. Der Tr\u00e4gerverein der Regenbogenschule ist somit auf die Erhebung eines Schulgeldes angewiesen, um die Schule \u00fcberhaupt betreiben zu k\u00f6nnen. \u00dcber ein Bieterverfahren zu Beginn jedes Schuljahres wird der jeweilige Schulgeldbetrag festgelegt. Das Schulgeld kann dabei 200\u20ac bis 300\u20ac monatlich erreichen.<\/p>\n<h4><span style=\"color: #ffea00;\">Frage: Gibt es in der Grundschule und in der Sekundarstufe Klassen und Noten?<\/span><\/h4>\n<p><span style=\"color: #000000;\"><strong>Antwort:<\/strong> <\/span>Es gibt vom ersten Schuljahr an keine Noten an der Regenbogenschule. Einzig in Klassenstufe neun und zehn werden Noten vergeben, um die Vorbereitung auf die Pr\u00fcfungen zu gew\u00e4hrleisten. Auch Klassen bestehen nicht. Die Kinder besuchen Kurse und Angebote nach ihrem Leistungsstand.<\/p>\n<h4><span style=\"color: #00ff00;\">Frage: Wann haben Kindergarten und Schule ge\u00f6ffnet?<\/span><\/h4>\n<p><span style=\"color: #000000;\"><strong>Antwort:<\/strong><\/span> Kindergarten und Schule sind von 07:00 bis 17:00 Uhr ge\u00f6ffnet. Kindergarten- und\u00a0 Grundschulkinder sollten sp\u00e4testens um 9 Uhr fr\u00fch in die Schule kommen. In der Sekundarstufe wird der Tag durch Kursangebote, die einem Stundenplan gleichkommen, strukturiert und der Unterricht kann auch vor 9 Uhr beginnen.<\/p>\n<h4><span style=\"color: #00ccff;\">Frage: Was ist die Grundlage f\u00fcr das Konzept der Regenbogenschule?<\/span><\/h4>\n<p><span style=\"color: #000000;\"><strong>Antwort:<\/strong><\/span> Die Vorstellung, dass die Kinder gern unser Haus besuchen, nach ihren eigenen Vorstellungen und Bed\u00fcrfnissen den Alltag gestalten und alle beteiligten Menschen achtsam miteinander umgehen, pr\u00e4gt unser Angebot. Ziel ist \u2013 vor allem im Schulbereich \u2013 den Kindern ein ihren F\u00e4higkeiten entsprechendes Lernumfeld zu bieten.<\/p>\n<h4><span style=\"color: #0000ff;\">Frage: K\u00f6nnen die Kinder die Schule wechseln?<\/span><\/h4>\n<p><span style=\"color: #000000;\"><strong>Antwort:<\/strong> <\/span>Selbstverst\u00e4ndlich. Sollten bestimmte Umst\u00e4nde, wie Umzug oder Unzufriedenheit mit der Praxis der Schule, eintreten, dann kann es einen Schulwechsel geben. Das Kind bekommt dann einen Begleitbrief, der den Werdegang, die Lernfortschritte sowie den Leistungsstand beschreibt. Einem Wechsel auf das Gymnasium (nach der vierten Klasse) stehen wir allerdings eher kritisch gegen\u00fcber, da wir uns am Th\u00fcringer Lehrplan zwar anlehnen, aber uns auch andere Themen wichtig erscheinen und wir diesen Zeit schenken. W\u00fcnschenswert und angestrebt ist, dass die Kinder von den Tagen im Kindergarten bis zum Ende der zehnten Klasse bei uns bleiben.<\/p>\n<h4><span style=\"color: #993366;\">Frage: Wie viele P\u00e4dagogen arbeiten in der Regenbogenschule?<\/span><\/h4>\n<p><span style=\"color: #000000;\"><strong>Antwort:<\/strong><\/span> Im Kindergarten arbeiten vier Bezugspersonen \u2013 ausgebildete Erzieher. Zwei Lehrerinnen, ein Heilp\u00e4dagoge, eine Sozialp\u00e4dagogin und ein Diplom-P\u00e4dagoge bilden das Bezugspersonen-Team in der Grundschule. Anders verh\u00e4lt es sich in der Sekundarstufe, wo einige Honorarkr\u00e4fte \u2013 Lehrer \u2013 stundenweise t\u00e4tig sind. Diese Lehrer werden von vier fest angestellten Bezugspersonen, drei Lehrer und ein Erzieher, begleitet.<\/p>\n<h4><span style=\"color: #ff0000;\">Frage: Lernen die Kinder genauso viel wie Kinder an staatlichen Schulen?<\/span><\/h4>\n<p><span style=\"color: #000000;\"><strong>Antwort:<\/strong> <\/span>Ja. Die Lernwege und die Lernfortschritte der Kinder sind sehr individuell gestaltet. Jedes Kind lernt auf der Basis seiner M\u00f6glichkeiten \u2013 wir passen die Inhalte daran an.<\/p>\n<h4><span style=\"color: #ffcc00;\">Frage: Haben Sch\u00fcler der Regenbogenschule schon Realschulabschl\u00fcsse abgelegt?<\/span><\/h4>\n<p><span style=\"color: #000000;\"><strong>Antwort:<\/strong><\/span> Ja. Der Durchschnitt bei den Pr\u00fcfungen lag stets unter 2,3.<\/p>\n<h4><span style=\"color: #ffff00;\">Frage: Welcher Essensanbieter beliefert die Regenbogenschule?<\/span><\/h4>\n<p><span style=\"color: #000000;\"><strong>Antwort:<\/strong> <\/span>Wir sind unser eigener Essensanbieter, denn unser Essen wird in der Schulk\u00fcche frisch gekocht \u2013 vegetarisch und haupts\u00e4chlich bei Naturkost eingekauft. Schulkinder, denen ein bestimmtes Essen nicht schmeckt, k\u00f6nnen auf ein reiches Buffet aus Salat, Brot, Obst, Gem\u00fcse und Aufstrichen zugreifen. Das Buffet kann auch als Begleitung zum warmen Essen dienen.<\/p>\n<h4><span style=\"color: #00ff00;\">Frage: Wie verl\u00e4uft der Weg von der Anmeldung bis zur Aufnahme eines Kindes?<\/span><\/h4>\n<p><span style=\"color: #000000;\"><strong>Antwort:<\/strong> <\/span>Das Procedere ist faktisch im Kindergarten und den beiden Schulteilen gleich. Die Eltern melden ihr Kind f\u00fcr den Besuch der Regenbogenschule an. Grunds\u00e4tzlich gibt es vor einer Aufnahme ein Gespr\u00e4ch mit den Eltern. In der Regel gibt es eine Probezeit, in der die Kinder, die aufgenommen werden sollen, den Schulalltag und das Team kennenlernen k\u00f6nnen. In den jeweiligen Teams wird entschieden, welches Kind aufgenommen wird. Eltern, deren Kind in die Regenbogenschule gehen wird, unterzeichnen zu Beginn der Schulzeit einen entsprechenden Vertrag. Grundvoraussetzung f\u00fcr eine Aufnahme ist eine gr\u00f6\u00dftm\u00f6gliche \u00dcbereinstimmung des Schulkonzeptes mit dem Alltag in der Familie.<\/p>\n<h4><span style=\"color: #00ccff;\">Frage: Was wird von den Eltern erwartet?<\/span><\/h4>\n<p><span style=\"color: #000000;\"><strong>Antwort:<\/strong><\/span> Ohne Elternarbeit k\u00f6nnen wir unsere Elternschule nicht betreiben. Daher erwarten wir von allen Elternteilen regelm\u00e4\u00dfige Mitarbeit.<\/p>\n","protected":false},"excerpt":{"rendered":"<p>H\u00e4ufig gestellte Fragen Frage: Warum hei\u00dft die Regenbogenschule denn \u201eRegenbogenschule\u201c? Antwort: Der Name bezieht sich auf die Vielzahl der Farben in einem Regenbogen \u2013 ein Symbol f\u00fcr die Tatsache, dass es den Kindern an unserer Schule m\u00f6glich ist, den Kindergarten- und Schulalltag auf ihre eigene individuelle Weise zu bew\u00e4ltigen. Frage: Ist an der Regenbogenschule ein [&hellip;]<\/p>\n","protected":false},"author":2,"featured_media":0,"parent":0,"menu_order":0,"comment_status":"closed","ping_status":"closed","template":"","meta":{"footnotes":""},"class_list":["post-313","page","type-page","status-publish","hentry"],"_links":{"self":[{"href":"https:\/\/www.freie-schule-regenbogen.de\/wordpress\/wp-json\/wp\/v2\/pages\/313","targetHints":{"allow":["GET"]}}],"collection":[{"href":"https:\/\/www.freie-schule-regenbogen.de\/wordpress\/wp-json\/wp\/v2\/pages"}],"about":[{"href":"https:\/\/www.freie-schule-regenbogen.de\/wordpress\/wp-json\/wp\/v2\/types\/page"}],"author":[{"embeddable":true,"href":"https:\/\/www.freie-schule-regenbogen.de\/wordpress\/wp-json\/wp\/v2\/users\/2"}],"replies":[{"embeddable":true,"href":"https:\/\/www.freie-schule-regenbogen.de\/wordpress\/wp-json\/wp\/v2\/comments?post=313"}],"version-history":[{"count":20,"href":"https:\/\/www.freie-schule-regenbogen.de\/wordpress\/wp-json\/wp\/v2\/pages\/313\/revisions"}],"predecessor-version":[{"id":3435,"href":"https:\/\/www.freie-schule-regenbogen.de\/wordpress\/wp-json\/wp\/v2\/pages\/313\/revisions\/3435"}],"wp:attachment":[{"href":"https:\/\/www.freie-schule-regenbogen.de\/wordpress\/wp-json\/wp\/v2\/media?parent=313"}],"curies":[{"name":"wp","href":"https:\/\/api.w.org\/{rel}","templated":true}]}}