{"id":32,"date":"2013-06-26T16:35:41","date_gmt":"2013-06-26T15:35:41","guid":{"rendered":"http:\/\/www.freie-schule-regenbogen.de\/wordpress\/?page_id=32"},"modified":"2023-09-12T21:14:37","modified_gmt":"2023-09-12T20:14:37","slug":"kontakt","status":"publish","type":"page","link":"https:\/\/www.freie-schule-regenbogen.de\/wordpress\/kontakt\/","title":{"rendered":"Kontakt"},"content":{"rendered":"<div>\n<h4 style=\"text-align: left;\">Adresse<\/h4>\n<p>Regenbogen Freie Schule Erfurt e.V.<br \/>\nVollbrachtstra\u00dfe 5<br \/>\n99086 Erfurt<\/p>\n<p>Tel.: 0361 \/ 42 33 936<br \/>\nFax: 0361 \/ 657 53 890<\/p>\n<p>E-Mail: Info (at) freie-schule-regenbogen .de<\/p>\n<h4>Anfahrtsbeschreibung<\/h4>\n<p>Die Regenbogenschule befindet sich in der Vollbrachtstra\u00dfe 5 im Erfurter Norden. Mit der Stra\u00dfenbahn k\u00f6nnt ihr mit Linie 1 oder 5 vom Anger aus Richtung Europaplatz bzw. Zoopark fahren und an der Salinenstra\u00dfe aussteigen. Vom Hauptbahnhof aus ist es auch mit der Buslinie 9 m\u00f6glich, bis zur Salinenstra\u00dfe zu fahren. Direkt gegen\u00fcber des riesigen Malzwerkes ist dann unsere Schule zu finden. Unser Eingang ist durch einen Regenbogen gut zu erkennen.<\/p>\n<\/div>\n","protected":false},"excerpt":{"rendered":"<p>Adresse Regenbogen Freie Schule Erfurt e.V. Vollbrachtstra\u00dfe 5 99086 Erfurt Tel.: 0361 \/ 42 33 936 Fax: 0361 \/ 657 &#8230; <br \/><a class=\"more-link\" href=\"https:\/\/www.freie-schule-regenbogen.de\/wordpress\/kontakt\/\">weiterlesen<\/a><\/p>\n","protected":false},"author":2,"featured_media":0,"parent":0,"menu_order":0,"comment_status":"closed","ping_status":"closed","template":"","meta":{"footnotes":""},"class_list":["post-32","page","type-page","status-publish","hentry"],"_links":{"self":[{"href":"https:\/\/www.freie-schule-regenbogen.de\/wordpress\/wp-json\/wp\/v2\/pages\/32","targetHints":{"allow":["GET"]}}],"collection":[{"href":"https:\/\/www.freie-schule-regenbogen.de\/wordpress\/wp-json\/wp\/v2\/pages"}],"about":[{"href":"https:\/\/www.freie-schule-regenbogen.de\/wordpress\/wp-json\/wp\/v2\/types\/page"}],"author":[{"embeddable":true,"href":"https:\/\/www.freie-schule-regenbogen.de\/wordpress\/wp-json\/wp\/v2\/users\/2"}],"replies":[{"embeddable":true,"href":"https:\/\/www.freie-schule-regenbogen.de\/wordpress\/wp-json\/wp\/v2\/comments?post=32"}],"version-history":[{"count":16,"href":"https:\/\/www.freie-schule-regenbogen.de\/wordpress\/wp-json\/wp\/v2\/pages\/32\/revisions"}],"predecessor-version":[{"id":3360,"href":"https:\/\/www.freie-schule-regenbogen.de\/wordpress\/wp-json\/wp\/v2\/pages\/32\/revisions\/3360"}],"wp:attachment":[{"href":"https:\/\/www.freie-schule-regenbogen.de\/wordpress\/wp-json\/wp\/v2\/media?parent=32"}],"curies":[{"name":"wp","href":"https:\/\/api.w.org\/{rel}","templated":true}]}}