{"id":322,"date":"2013-10-13T23:36:51","date_gmt":"2013-10-13T22:36:51","guid":{"rendered":"http:\/\/www.freie-schule-regenbogen.de\/wordpress\/?page_id=322"},"modified":"2023-11-19T22:39:37","modified_gmt":"2023-11-19T21:39:37","slug":"unterstuetzung","status":"publish","type":"page","link":"https:\/\/www.freie-schule-regenbogen.de\/wordpress\/unterstuetzung\/","title":{"rendered":"Unterst\u00fctzung"},"content":{"rendered":"<h4 style=\"text-align: left;\">Kostenlos helfen durch Bildungsspender<\/h4>\n<p style=\"text-align: left;\">Auf der Internetseite <a title=\"www.bildungsspender.de\/freie-schule-regenbogen\" href=\"http:\/\/www.bildungsspender.de\/freie-schule-regenbogen\" target=\"_blank\" rel=\"noopener\">www.bildungsspender.de\/freie-schule-regenbogen<\/a> k\u00f6nnt ihr bei Interesse nach Online-Shops schauen, \u00fcber die ihr ab und zu bestellt. Falls einer dieser Shops vorhanden ist, w\u00e4re es sehr toll, wenn ihr den Link zu genau diesem Shop nutzt und schon bestellt ihr ganz normal, nur wird f\u00fcr euren Einkauf ab sofort vom Verk\u00e4ufer eine kleine Spende an die Regenbogenschule weitergereicht. <strong>Mehrkosten entstehen f\u00fcr euch nicht!<\/strong><\/p>\n<p style=\"text-align: left;\"><a href=\"http:\/\/www.bildungsspender.de\/freie-schule-regenbogen\" target=\"_blank\" rel=\"noopener\"><img decoding=\"async\" title=\"Hier geht's zu unserem Spenden-Shop.\" src=\"http:\/\/www.bildungsspender.de\/assets\/images\/verein_150_200.gif\" alt=\"Hier geht's zu unserem Spenden-Shop.\" width=\"150\" height=\"200\" border=\"0\" \/><\/a><\/p>\n<p style=\"text-align: left;\">F\u00fcr <strong>Sachspenden<\/strong> schreibt uns einfach eine E-Mail unter:<br \/>\nfreie-schule-regenbogen [at] gmx.de<\/p>\n<h4 style=\"text-align: left;\">Online-Spendenformular<\/h4>\n<p><!-- Anfang Bildungsspender --><br \/>\n<iframe src=\"https:\/\/bildungsspender.de\/donation.php?org_id=299086001\" width=\"660\" height=\"1650\" frameborder=\"0\" scrolling=\"no\"> <\/iframe><br \/>\n<!-- Ende Bildungsspender --><\/p>\n<p style=\"text-align: center;\"><strong>Vielen Dank!<\/strong><\/p>\n","protected":false},"excerpt":{"rendered":"<p>Kostenlos helfen durch Bildungsspender Auf der Internetseite www.bildungsspender.de\/freie-schule-regenbogen k\u00f6nnt ihr bei Interesse nach Online-Shops schauen, \u00fcber die ihr ab und zu bestellt. Falls einer dieser Shops vorhanden ist, w\u00e4re es sehr toll, wenn ihr den Link zu genau diesem Shop nutzt und schon bestellt ihr ganz normal, nur wird f\u00fcr euren Einkauf ab sofort vom [&hellip;]<\/p>\n","protected":false},"author":2,"featured_media":0,"parent":0,"menu_order":0,"comment_status":"closed","ping_status":"closed","template":"","meta":{"footnotes":""},"class_list":["post-322","page","type-page","status-publish","hentry"],"_links":{"self":[{"href":"https:\/\/www.freie-schule-regenbogen.de\/wordpress\/wp-json\/wp\/v2\/pages\/322","targetHints":{"allow":["GET"]}}],"collection":[{"href":"https:\/\/www.freie-schule-regenbogen.de\/wordpress\/wp-json\/wp\/v2\/pages"}],"about":[{"href":"https:\/\/www.freie-schule-regenbogen.de\/wordpress\/wp-json\/wp\/v2\/types\/page"}],"author":[{"embeddable":true,"href":"https:\/\/www.freie-schule-regenbogen.de\/wordpress\/wp-json\/wp\/v2\/users\/2"}],"replies":[{"embeddable":true,"href":"https:\/\/www.freie-schule-regenbogen.de\/wordpress\/wp-json\/wp\/v2\/comments?post=322"}],"version-history":[{"count":29,"href":"https:\/\/www.freie-schule-regenbogen.de\/wordpress\/wp-json\/wp\/v2\/pages\/322\/revisions"}],"predecessor-version":[{"id":3434,"href":"https:\/\/www.freie-schule-regenbogen.de\/wordpress\/wp-json\/wp\/v2\/pages\/322\/revisions\/3434"}],"wp:attachment":[{"href":"https:\/\/www.freie-schule-regenbogen.de\/wordpress\/wp-json\/wp\/v2\/media?parent=322"}],"curies":[{"name":"wp","href":"https:\/\/api.w.org\/{rel}","templated":true}]}}