{"id":3745,"date":"2026-05-11T14:24:00","date_gmt":"2026-05-11T13:24:00","guid":{"rendered":"https:\/\/www.freie-schule-regenbogen.de\/wordpress\/?st-import=a9969e1cd98dfb0b331579c7cd809abb"},"modified":"2026-05-11T14:24:08","modified_gmt":"2026-05-11T13:24:08","slug":"services","status":"publish","type":"page","link":"https:\/\/www.freie-schule-regenbogen.de\/wordpress\/services\/","title":{"rendered":"Services"},"content":{"rendered":"\n<div class=\"wp-block-uagb-container uagb-layout-grid uagb-block-bfe052b1 alignfull uagb-is-root-container\"><div class=\"uagb-container-inner-blocks-wrap\">\n<div class=\"wp-block-uagb-advanced-heading uagb-block-4de6aee5\"><div class=\"uagb-separator\"><\/div><h1 class=\"uagb-heading-text\">Vielf\u00e4ltige Bildungsangebote f\u00fcr Kinder<\/h1><\/div>\n\n\n\n<div class=\"wp-block-uagb-image uagb-block-259aae54 wp-block-uagb-image--layout-default wp-block-uagb-image--effect-static wp-block-uagb-image--align-none\"><figure class=\"wp-block-uagb-image__figure\"><img loading=\"lazy\" decoding=\"async\" srcset=\"https:\/\/www.freie-schule-regenbogen.de\/wordpress\/wp-content\/uploads\/2026\/05\/pexels-photo-5306476.jpeg ,https:\/\/www.freie-schule-regenbogen.de\/wordpress\/wp-content\/uploads\/2026\/05\/pexels-photo-5306476.jpeg 780w, https:\/\/www.freie-schule-regenbogen.de\/wordpress\/wp-content\/uploads\/2026\/05\/pexels-photo-5306476.jpeg 360w\" sizes=\"auto, (max-width: 480px) 150px\" src=\"https:\/\/www.freie-schule-regenbogen.de\/wordpress\/wp-content\/uploads\/2026\/05\/pexels-photo-5306476.jpeg\" alt=\"Students gather around a laptop, engaging in collaborative learning with a teacher.\" class=\"uag-image-3701\" width=\"396\" height=\"380\" title=\"services-img\" loading=\"lazy\" role=\"img\"\/><\/figure><\/div>\n<\/div><\/div>\n\n\n\n<div class=\"wp-block-uagb-container uagb-block-f02a1ac0 alignfull uagb-is-root-container\"><div class=\"uagb-container-inner-blocks-wrap\">\n<div class=\"wp-block-uagb-container uagb-layout-grid uagb-block-1f6539c9\">\n<div class=\"wp-block-uagb-image uagb-block-22bf66dd wp-block-uagb-image--layout-default wp-block-uagb-image--effect-static wp-block-uagb-image--align-none\"><figure class=\"wp-block-uagb-image__figure\"><img loading=\"lazy\" decoding=\"async\" srcset=\"https:\/\/www.freie-schule-regenbogen.de\/wordpress\/wp-content\/uploads\/2026\/05\/pexels-photo-8554138.jpeg ,https:\/\/www.freie-schule-regenbogen.de\/wordpress\/wp-content\/uploads\/2026\/05\/pexels-photo-8554138.jpeg 780w, https:\/\/www.freie-schule-regenbogen.de\/wordpress\/wp-content\/uploads\/2026\/05\/pexels-photo-8554138.jpeg 360w\" sizes=\"auto, (max-width: 480px) 150px\" src=\"https:\/\/www.freie-schule-regenbogen.de\/wordpress\/wp-content\/uploads\/2026\/05\/pexels-photo-8554138.jpeg\" alt=\"Five children studying a world map indoors, fostering curiosity and learning.\" class=\"uag-image-3702\" width=\"500\" height=\"340\" title=\"services-01\" loading=\"lazy\" role=\"img\"\/><\/figure><\/div>\n\n\n\n<div class=\"wp-block-uagb-advanced-heading uagb-block-7fc15760\"><h2 class=\"uagb-heading-text\">01.<\/h2><\/div>\n\n\n\n<div class=\"wp-block-uagb-advanced-heading uagb-block-d1bf4422\"><h3 class=\"uagb-heading-text\">Individuelles Lernen<\/h3><p class=\"uagb-desc-text\">Unsere individuelle Lernmethodik f\u00f6rdert die nat\u00fcrlichen Interessen der Kinder. Sie haben die Freiheit, in ihrem eigenen Tempo zu lernen. Durch Projekte und eine anregende Umgebung k\u00f6nnen sie selbstst\u00e4ndig Fragen stellen und in einem gesch\u00fctzten Rahmen Experimentieren und Entdecken.<\/p><\/div>\n<\/div>\n\n\n\n<div class=\"wp-block-uagb-container uagb-layout-grid uagb-block-4e23bf70\">\n<div class=\"wp-block-uagb-image uagb-block-5975b480 wp-block-uagb-image--layout-default wp-block-uagb-image--effect-static wp-block-uagb-image--align-none\"><figure class=\"wp-block-uagb-image__figure\"><img loading=\"lazy\" decoding=\"async\" srcset=\"https:\/\/www.freie-schule-regenbogen.de\/wordpress\/wp-content\/uploads\/2026\/05\/pexels-photo-7693033.jpeg ,https:\/\/www.freie-schule-regenbogen.de\/wordpress\/wp-content\/uploads\/2026\/05\/pexels-photo-7693033.jpeg 780w, https:\/\/www.freie-schule-regenbogen.de\/wordpress\/wp-content\/uploads\/2026\/05\/pexels-photo-7693033.jpeg 360w\" sizes=\"auto, (max-width: 480px) 150px\" src=\"https:\/\/www.freie-schule-regenbogen.de\/wordpress\/wp-content\/uploads\/2026\/05\/pexels-photo-7693033.jpeg\" alt=\"Group of teenagers working on an artistic project indoors with art supplies.\" class=\"uag-image-3703\" width=\"500\" height=\"340\" title=\"services-02\" loading=\"lazy\" role=\"img\"\/><\/figure><\/div>\n\n\n\n<div class=\"wp-block-uagb-advanced-heading uagb-block-42b1afc3\"><h2 class=\"uagb-heading-text\">02.<\/h2><\/div>\n\n\n\n<div class=\"wp-block-uagb-advanced-heading uagb-block-2b5b97c7\"><h3 class=\"uagb-heading-text\">Freies Spiel<\/h3><p class=\"uagb-desc-text\">Freies Spiel ist ein zentraler Bestandteil unserer P\u00e4dagogik. Hier k\u00f6nnen Kinder in einem sicheren Umfeld ihre Fantasie einsetzen und soziale Kompetenzen entwickeln. Durch gemeinsames Spielen entdecken sie neue Perspektiven und erlernen wichtige Lebensf\u00e4higkeiten auf nat\u00fcrliche Weise.<\/p><\/div>\n<\/div>\n\n\n\n<div class=\"wp-block-uagb-container uagb-layout-grid uagb-block-75fb60e4\">\n<div class=\"wp-block-uagb-image uagb-block-dec8dc2a wp-block-uagb-image--layout-default wp-block-uagb-image--effect-static wp-block-uagb-image--align-none\"><figure class=\"wp-block-uagb-image__figure\"><img loading=\"lazy\" decoding=\"async\" srcset=\"https:\/\/www.freie-schule-regenbogen.de\/wordpress\/wp-content\/uploads\/2026\/05\/pexels-photo-6990244.jpeg ,https:\/\/www.freie-schule-regenbogen.de\/wordpress\/wp-content\/uploads\/2026\/05\/pexels-photo-6990244.jpeg 780w, https:\/\/www.freie-schule-regenbogen.de\/wordpress\/wp-content\/uploads\/2026\/05\/pexels-photo-6990244.jpeg 360w\" sizes=\"auto, (max-width: 480px) 150px\" src=\"https:\/\/www.freie-schule-regenbogen.de\/wordpress\/wp-content\/uploads\/2026\/05\/pexels-photo-6990244.jpeg\" alt=\"A group of children engaged in a home schooling session with a teacher, focusing on interactive learning.\" class=\"uag-image-3698\" width=\"500\" height=\"340\" title=\"services-03\" loading=\"lazy\" role=\"img\"\/><\/figure><\/div>\n\n\n\n<div class=\"wp-block-uagb-advanced-heading uagb-block-e6ec07d4\"><h2 class=\"uagb-heading-text\">03.<\/h2><\/div>\n\n\n\n<div class=\"wp-block-uagb-advanced-heading uagb-block-99c873e0\"><h3 class=\"uagb-heading-text\">Projektarbeit<\/h3><p class=\"uagb-desc-text\">Unsere Projektarbeit bietet den Kindern die M\u00f6glichkeit, ihre Interessen in Gruppen zu verfolgen. Sie k\u00f6nnen eigene Ideen einbringen und mit anderen zusammenarbeiten, um vielseitige Themen zu ergr\u00fcnden. Diese Form des Lernens st\u00e4rkt Teamarbeit und f\u00f6rdert umfassende Kenntnisse durch praktische Auseinandersetzung.<\/p><\/div>\n<\/div>\n\n\n\n<div class=\"wp-block-uagb-container uagb-layout-grid uagb-block-69a1e017\">\n<div class=\"wp-block-uagb-image uagb-block-55e41bb4 wp-block-uagb-image--layout-default wp-block-uagb-image--effect-static wp-block-uagb-image--align-none\"><figure class=\"wp-block-uagb-image__figure\"><img loading=\"lazy\" decoding=\"async\" srcset=\"https:\/\/www.freie-schule-regenbogen.de\/wordpress\/wp-content\/uploads\/2026\/05\/pexels-photo-7692550.jpeg ,https:\/\/www.freie-schule-regenbogen.de\/wordpress\/wp-content\/uploads\/2026\/05\/pexels-photo-7692550.jpeg 780w, https:\/\/www.freie-schule-regenbogen.de\/wordpress\/wp-content\/uploads\/2026\/05\/pexels-photo-7692550.jpeg 360w\" sizes=\"auto, (max-width: 480px) 150px\" src=\"https:\/\/www.freie-schule-regenbogen.de\/wordpress\/wp-content\/uploads\/2026\/05\/pexels-photo-7692550.jpeg\" alt=\"Teacher helps a student with a creative school project in an educational setting.\" class=\"uag-image-3699\" width=\"500\" height=\"340\" title=\"services-04\" loading=\"lazy\" role=\"img\"\/><\/figure><\/div>\n\n\n\n<div class=\"wp-block-uagb-advanced-heading uagb-block-2d94a4af\"><h2 class=\"uagb-heading-text\">04.<\/h2><\/div>\n\n\n\n<div class=\"wp-block-uagb-advanced-heading uagb-block-0224262a\"><h3 class=\"uagb-heading-text\">Ruhige Lernzeiten<\/h3><p class=\"uagb-desc-text\">In unseren ruhigen Lernzeiten haben Kinder die Gelegenheit, sich gezielt auf Lerninhalte zu konzentrieren. In kleinen Gruppen arbeiten sie fokusiert an ihren eigenen Themen und entwickeln ein tieferes Verst\u00e4ndnis f\u00fcr das Gelernte. Dies schafft eine Balance zwischen freiem Spiel und gezieltem Lernen.<\/p><\/div>\n<\/div>\n\n\n\n<div class=\"wp-block-uagb-advanced-heading uagb-block-847f0174\"><div class=\"uagb-separator\"><\/div><h2 class=\"uagb-heading-text\">Unsere Methoden f\u00fcr erfolgreiches Lernen<\/h2><\/div>\n<\/div><\/div>\n\n\n\n<div class=\"wp-block-uagb-container uagb-layout-grid uagb-block-cd2486f8 alignfull uagb-is-root-container\"><div class=\"uagb-container-inner-blocks-wrap\">\n<div class=\"wp-block-uagb-container uagb-block-680c0089\">\n<div class=\"wp-block-uagb-advanced-heading uagb-block-2c1fc22f\"><p class=\"uagb-heading-text\">Beobachtung und Unterst\u00fctzung<\/p><p class=\"uagb-desc-text\">Unsere P\u00e4dagogen beobachten die Kinder und bieten Unterst\u00fctzung, wenn sie ben\u00f6tigt wird, um ihre Lernmotivation zu f\u00f6rdern.<\/p><\/div>\n<\/div>\n\n\n\n<div class=\"wp-block-uagb-container uagb-block-f6244a01\">\n<div class=\"wp-block-uagb-advanced-heading uagb-block-3e2e789f\"><p class=\"uagb-heading-text\">Fragen und Entdecken<\/p><p class=\"uagb-desc-text\">Wir ermutigen Kinder, Fragen zu stellen und selbstst\u00e4ndig zu entdecken, wodurch ihr allgemeines Wissen erweitert wird.<\/p><\/div>\n<\/div>\n\n\n\n<div class=\"wp-block-uagb-container uagb-block-0815f89c\">\n<div class=\"wp-block-uagb-advanced-heading uagb-block-4fdc0b6f\"><p class=\"uagb-heading-text\">Freiheit und Verantwortung<\/p><p class=\"uagb-desc-text\">Kinder lernen, Verantwortung f\u00fcr ihr eigenes Lernen zu \u00fcbernehmen und entscheiden selbst, was und wie sie lernen m\u00f6chten.<\/p><\/div>\n<\/div>\n\n\n\n<div class=\"wp-block-uagb-container uagb-block-77ffa57b\">\n<div class=\"wp-block-uagb-advanced-heading uagb-block-3b941aaf\"><p class=\"uagb-heading-text\">Reflektion und Feedback<\/p><p class=\"uagb-desc-text\">Regelm\u00e4\u00dfige Reflektionen und Feedbackgespr\u00e4che helfen den Kindern, ihre Fortschritte zu erkennen und ihre Ziele anzupassen.<\/p><\/div>\n<\/div>\n<\/div><\/div>\n","protected":false},"excerpt":{"rendered":"<p>Vielf\u00e4ltige Bildungsangebote f\u00fcr Kinder 01. Individuelles Lernen Unsere individuelle Lernmethodik f\u00f6rdert die nat\u00fcrlichen Interessen der Kinder. Sie haben die Freiheit, [&hellip;]<\/p>\n","protected":false},"author":16,"featured_media":0,"parent":0,"menu_order":0,"comment_status":"closed","ping_status":"closed","template":"","meta":{"_uag_custom_page_level_css":"","site-sidebar-layout":"default","site-content-layout":"","ast-site-content-layout":"default","site-content-style":"default","site-sidebar-style":"default","ast-global-header-display":"","ast-banner-title-visibility":"","ast-main-header-display":"","ast-hfb-above-header-display":"","ast-hfb-below-header-display":"","ast-hfb-mobile-header-display":"","site-post-title":"disabled","ast-breadcrumbs-content":"","ast-featured-img":"","footer-sml-layout":"","ast-disable-related-posts":"","theme-transparent-header-meta":"","adv-header-id-meta":"","stick-header-meta":"","header-above-stick-meta":"","header-main-stick-meta":"","header-below-stick-meta":"","astra-migrate-meta-layouts":"default","ast-page-background-enabled":"default","ast-page-background-meta":{"desktop":{"background-color":"var(--ast-global-color-4)","background-image":"","background-repeat":"repeat","background-position":"center center","background-size":"auto","background-attachment":"scroll","background-type":"","background-media":"","overlay-type":"","overlay-color":"","overlay-opacity":"","overlay-gradient":""},"tablet":{"background-color":"","background-image":"","background-repeat":"repeat","background-position":"center center","background-size":"auto","background-attachment":"scroll","background-type":"","background-media":"","overlay-type":"","overlay-color":"","overlay-opacity":"","overlay-gradient":""},"mobile":{"background-color":"","background-image":"","background-repeat":"repeat","background-position":"center center","background-size":"auto","background-attachment":"scroll","background-type":"","background-media":"","overlay-type":"","overlay-color":"","overlay-opacity":"","overlay-gradient":""}},"ast-content-background-meta":{"desktop":{"background-color":"var(--ast-global-color-5)","background-image":"","background-repeat":"repeat","background-position":"center center","background-size":"auto","background-attachment":"scroll","background-type":"","background-media":"","overlay-type":"","overlay-color":"","overlay-opacity":"","overlay-gradient":""},"tablet":{"background-color":"var(--ast-global-color-5)","background-image":"","background-repeat":"repeat","background-position":"center center","background-size":"auto","background-attachment":"scroll","background-type":"","background-media":"","overlay-type":"","overlay-color":"","overlay-opacity":"","overlay-gradient":""},"mobile":{"background-color":"var(--ast-global-color-5)","background-image":"","background-repeat":"repeat","background-position":"center center","background-size":"auto","background-attachment":"scroll","background-type":"","background-media":"","overlay-type":"","overlay-color":"","overlay-opacity":"","overlay-gradient":""}},"footnotes":""},"class_list":["post-3745","page","type-page","status-publish","hentry"],"uagb_featured_image_src":{"full":false,"thumbnail":false,"medium":false,"medium_large":false,"large":false,"1536x1536":false,"2048x2048":false},"uagb_author_info":{"display_name":"bobsmade","author_link":"https:\/\/www.freie-schule-regenbogen.de\/wordpress\/author\/bobsmade\/"},"uagb_comment_info":0,"uagb_excerpt":"Vielf\u00e4ltige Bildungsangebote f\u00fcr Kinder 01. Individuelles Lernen Unsere individuelle Lernmethodik f\u00f6rdert die nat\u00fcrlichen Interessen der Kinder. Sie haben die Freiheit, [&hellip;]","_links":{"self":[{"href":"https:\/\/www.freie-schule-regenbogen.de\/wordpress\/wp-json\/wp\/v2\/pages\/3745","targetHints":{"allow":["GET"]}}],"collection":[{"href":"https:\/\/www.freie-schule-regenbogen.de\/wordpress\/wp-json\/wp\/v2\/pages"}],"about":[{"href":"https:\/\/www.freie-schule-regenbogen.de\/wordpress\/wp-json\/wp\/v2\/types\/page"}],"author":[{"embeddable":true,"href":"https:\/\/www.freie-schule-regenbogen.de\/wordpress\/wp-json\/wp\/v2\/users\/16"}],"replies":[{"embeddable":true,"href":"https:\/\/www.freie-schule-regenbogen.de\/wordpress\/wp-json\/wp\/v2\/comments?post=3745"}],"version-history":[{"count":3,"href":"https:\/\/www.freie-schule-regenbogen.de\/wordpress\/wp-json\/wp\/v2\/pages\/3745\/revisions"}],"predecessor-version":[{"id":3767,"href":"https:\/\/www.freie-schule-regenbogen.de\/wordpress\/wp-json\/wp\/v2\/pages\/3745\/revisions\/3767"}],"wp:attachment":[{"href":"https:\/\/www.freie-schule-regenbogen.de\/wordpress\/wp-json\/wp\/v2\/media?parent=3745"}],"curies":[{"name":"wp","href":"https:\/\/api.w.org\/{rel}","templated":true}]}}