{"id":47,"date":"2013-06-26T15:50:11","date_gmt":"2013-06-26T14:50:11","guid":{"rendered":"http:\/\/www.freie-schule-regenbogen.de\/wordpress\/?page_id=47"},"modified":"2025-06-19T15:44:48","modified_gmt":"2025-06-19T14:44:48","slug":"team","status":"publish","type":"page","link":"https:\/\/www.freie-schule-regenbogen.de\/wordpress\/die-schule\/team\/","title":{"rendered":"Team"},"content":{"rendered":"<h5 style=\"text-align: center;\"><a href=\"#kindergarten\">Kindergarten<\/a>\u00a0 |\u00a0 <a href=\"#grundschule\">Grundschule\u00a0<\/a> |\u00a0 <a href=\"#regelschule\">Regelschule<\/a>\u00a0 |\u00a0 <a href=\"#buero\">B\u00fcro<\/a>\u00a0 |\u00a0 <a href=\"#kueche\">K\u00fcche<\/a><\/h5>\n<p style=\"text-align: center;\"><img loading=\"lazy\" decoding=\"async\" class=\" wp-image-1111 aligncenter\" src=\"https:\/\/www.freie-schule-regenbogen.de\/wordpress\/wp-content\/uploads\/2013\/06\/Gruppenbild_Baumhaus.jpg\" alt=\"Gruppenbild_Baumhaus\" width=\"768\" height=\"511\" srcset=\"https:\/\/www.freie-schule-regenbogen.de\/wordpress\/wp-content\/uploads\/2013\/06\/Gruppenbild_Baumhaus.jpg 960w, https:\/\/www.freie-schule-regenbogen.de\/wordpress\/wp-content\/uploads\/2013\/06\/Gruppenbild_Baumhaus-300x199.jpg 300w\" sizes=\"auto, (max-width: 768px) 100vw, 768px\" \/><\/p>\n<div id=\"kindergarten\">\n<h3>\u00a0<\/h3>\n<h3>Kindergarten<\/h3>\n<h4 style=\"text-align: left;\">Maren<em><img loading=\"lazy\" decoding=\"async\" class=\"size-full wp-image-486 alignleft\" src=\"https:\/\/www.freie-schule-regenbogen.de\/wordpress\/wp-content\/uploads\/2013\/06\/SL20131126b122_400px.jpg\" alt=\"SL20131126b122_400px\" width=\"400\" height=\"269\" srcset=\"https:\/\/www.freie-schule-regenbogen.de\/wordpress\/wp-content\/uploads\/2013\/06\/SL20131126b122_400px.jpg 400w, https:\/\/www.freie-schule-regenbogen.de\/wordpress\/wp-content\/uploads\/2013\/06\/SL20131126b122_400px-300x201.jpg 300w\" sizes=\"auto, (max-width: 400px) 100vw, 400px\" \/><\/em><\/h4>\n<p style=\"text-align: left;\"><em>Ich mag sie, weil sie eine Schlange auf dem Arm hat. <\/em><em>Sie baut manchmal H\u00f6hlen. Die liest uns was vor und sie spielt mit uns.<\/em><br \/><strong>(Mauni und Smilla, 6 Jahre)<\/strong><\/p>\n<p style=\"text-align: left;\"><em>Sie hat mal ein Tier erraten, was ich ihr vorgemacht habe. <\/em><em>Sie geht oft mit uns raus. <\/em><strong>(Helene, 5 Jahre)<\/strong><\/p>\n<\/div>\n<div id=\"kindergarten\">\n<h4 style=\"text-align: left;\">Gusta<img loading=\"lazy\" decoding=\"async\" class=\"alignleft\" src=\"https:\/\/www.freie-schule-regenbogen.de\/wordpress\/wp-content\/uploads\/2013\/06\/SL20131126b008_400px.jpg\" alt=\"SL20131126b008_400px\" width=\"272\" height=\"400\" \/><\/h4>\n<p style=\"text-align: left;\"><em>Sie spielt manchmal mit uns Fangen und das finden wir sch\u00f6n.<\/em><br \/><strong> (Mauni und Smilla, 6 Jahre)<\/strong><\/p>\n<p style=\"text-align: left;\"><em> Zu Ostern hab ich einen rosa Osterkorb mit Gusta gebastelt.<\/em><br \/><strong>(Anouk, 4 Jahre)<br \/><\/strong><br \/><em>Gusta freut sich ganz oft \u00fcber mich. Wenn ich mich von meiner Freundin Runa <\/em><em>verabschiede, dr\u00fccken wir uns. Dar\u00fcber freut sich Gusta. <\/em><strong>(Helene, 5 Jahre)<\/strong><\/p>\n<p style=\"text-align: left;\"><em> Gusta bastelt Blumen mit uns. <\/em><strong>(Valentin, 4 Jahre)<\/strong><\/p>\n<h3>\u00a0<\/h3>\n<h3>\u00a0<\/h3>\n<h3>Grundschule<\/h3>\n<p><em>Ich gehe in eine freie Schule. Da kann man spielen, denn dabei lernt man auch. Nur die Kreise finde ich bl\u00f6d, weil sie so lange dauern. <\/em><strong>(Jamila, 7 Jahre)<\/strong><\/p>\n<h4>Anne<img loading=\"lazy\" decoding=\"async\" class=\"size-full wp-image-332 alignright\" src=\"https:\/\/www.freie-schule-regenbogen.de\/wordpress\/wp-content\/uploads\/2013\/06\/SL20131008a012_klein.jpg\" alt=\"SL20131008a012_klein\" width=\"400\" height=\"270\" srcset=\"https:\/\/www.freie-schule-regenbogen.de\/wordpress\/wp-content\/uploads\/2013\/06\/SL20131008a012_klein.jpg 400w, https:\/\/www.freie-schule-regenbogen.de\/wordpress\/wp-content\/uploads\/2013\/06\/SL20131008a012_klein-300x202.jpg 300w\" sizes=\"auto, (max-width: 400px) 100vw, 400px\" \/><\/h4>\n<p><em>Anne ist sehr nett und hilfsbereit. Sie hilft gerne, bringt uns Kindern etwas bei, bringt uns zum Lachen, spielt mit uns, kl\u00e4rt Streite, spricht wichtige Themen an, regelt Dinge, passt auf uns auf und weiteres. Letztens machte sie einen Notkreis, nur wegen mir. <\/em><strong>(Elena, 8 Jahre)<\/strong><\/p>\n<p><em>Anne ist nett und hilft immer anderen Kindern und mir auch. Sie macht immer Lesekurs f\u00fcr Fortgeschrittene. Sie ist witzig. <\/em><strong>(Marie, 8 Jahre)<\/strong><\/p>\n<\/div>\n<p><em>Anne ist Bezugi. Sie ist ein sehr netter Bezugi. Sie spielt mit den Kindern und sie bringt den Kindern das Rechnen und Lesen bei. Sie hat mir zum Beispiel das Rechnen beigebracht. <\/em><strong>(Rona, 10 Jahre)<\/strong><\/p>\n<div id=\"kindergarten\">\n<h4 style=\"text-align: left;\">Stoffel<\/h4>\n<p style=\"text-align: left;\"><em>Stoffel ist witzig. Er macht ganz oft Englisch. Und das Qwirkle-Spiel macht auch mit ihm Spa\u00df. Und er gewinnt ganz oft bei Qwirkle. Das ist doof. Und wir wollen auch mal gewinnen. Und schade ist, wenn er krank ist. Dann k\u00f6nnen wir kein Englisch machen und er kann nicht unsere Teller runterbringen.<\/em><br \/><strong>(Hannah und Suna, 8 Jahre)<\/strong><\/p>\n<p style=\"text-align: left;\"><em> Stoffel ist der beste Englischlehrer der ganzen Welt. <\/em><strong>(Anouk, 9 Jahre)<\/strong><\/p>\n<\/div>\n<p><em>Stoffel ist voll lustig und total nett. Ich finde ihn voll cool. Ich finde es cool mit ihm Englisch zu lernen.<\/em><br \/><strong>(Ole, 10 Jahre)<\/strong><\/p>\n<div id=\"kindergarten\">\n<div id=\"regelschule\">\n<h3>Regelschule<\/h3>\n<h4>Irene<img loading=\"lazy\" decoding=\"async\" class=\"size-full wp-image-485 alignright\" src=\"https:\/\/www.freie-schule-regenbogen.de\/wordpress\/wp-content\/uploads\/2013\/06\/SL20131126b100_400px.jpg\" alt=\"SL20131126b100_400px\" width=\"400\" height=\"270\" srcset=\"https:\/\/www.freie-schule-regenbogen.de\/wordpress\/wp-content\/uploads\/2013\/06\/SL20131126b100_400px.jpg 400w, https:\/\/www.freie-schule-regenbogen.de\/wordpress\/wp-content\/uploads\/2013\/06\/SL20131126b100_400px-300x202.jpg 300w\" sizes=\"auto, (max-width: 400px) 100vw, 400px\" \/><\/h4>\n<p><em>Sie organisiert alles, manchmal sagen wir, voller Elan. Besonders wenn es um`s neue Haus geht.<\/em><br \/><strong>(Richard, 15 Jahre)<br \/><\/strong><br \/><em>Mit Irene kann man gut reden, wie man einen Kurs macht und was man vielleicht anders machen kann.<\/em><br \/><strong>(Tibor, 13 Jahre)<\/strong><\/p>\n<h4>Martin<\/h4>\n<p><em>Mit Martin kann man gut \u00fcber alles reden und er versteht einen gut, wenn man \u00fcber was<br \/>Neues redet (Elektronik) und er ist ganz cool drauf. Er h\u00e4ngt immer bei uns rum. <\/em><strong>(Richard, 15 Jahre)<\/strong><\/p>\n<p><em>Ich finde ihn ganz nett und er ist hilfsbereit. Er hilft einfach bei allem. Er macht Musik und manchmal Kunst. <\/em><strong>(Tibor, 13 Jahre)<\/strong><\/p>\n<p><em>Man kann mit ihm gut quatschen und er ist sehr locker. <\/em><strong>(Ophelia, 12 Jahre)<\/strong><\/p>\n<p><em>Martin der k\u00fcmmert sich um die Kinder. Er macht auch ein Projekt, das hei\u00dft Streetart. Er ist mehr so der Bezugi und nicht Lehrer. <\/em><strong>(Lea, 11 Jahre)<\/strong><\/p>\n<h4 style=\"text-align: left;\"><img loading=\"lazy\" decoding=\"async\" class=\"size-full wp-image-528 alignleft\" src=\"https:\/\/www.freie-schule-regenbogen.de\/wordpress\/wp-content\/uploads\/2013\/06\/SL20131008a419_400px.jpg\" alt=\"SL20131008a419_400px\" width=\"400\" height=\"270\" srcset=\"https:\/\/www.freie-schule-regenbogen.de\/wordpress\/wp-content\/uploads\/2013\/06\/SL20131008a419_400px.jpg 400w, https:\/\/www.freie-schule-regenbogen.de\/wordpress\/wp-content\/uploads\/2013\/06\/SL20131008a419_400px-300x202.jpg 300w\" sizes=\"auto, (max-width: 400px) 100vw, 400px\" \/>Enrico<\/h4>\n<p style=\"text-align: left;\"><em>Enrico ist ein sehr ruhiger Mensch. Er tr\u00e4umt ziemlich viel. Man kann mit ihm auch \u00fcber alles reden, man kann mit ihm am pers\u00f6nlichsten reden. Er ist ein guter Englischlehrer.<\/em><br \/><strong>(Richard, 15 Jahre)<\/strong><\/p>\n<p><em>Ich kann mir keinen cooleren Englischlehrer vorstellen. In dem Unterricht gibt es eine entspannte Atmosph\u00e4re und er macht total Spa\u00df. Enrico ist ein cooler Typ.<\/em><br \/><strong>(Samiq, 15 Jahre)<\/strong><\/p>\n<p>\u00a0<\/p>\n<h4>Dagmar<\/h4>\n<p><em>Ich mag sie sehr gerne. Sie ist lustig und macht immer mal ein Witzchen. Sie organisiert auch viel. Dagmar kann man nicht erkl\u00e4ren, die muss man erleben. Sie unterrichtet Mathe, Physik und Astronomie.<\/em><br \/><strong>(Richard, 15 Jahre)<\/strong><\/p>\n<p><em>Dagmar zieht durch, aber sie ist nett dabei. Wir gehen den Matheunterricht zusammen langsam an. Wenn man etwas nicht verstanden hat, erkl\u00e4rt sie es in Ruhe. Sie will, dass wir weiterkommen aber auch, dass wir Spa\u00df haben. Sie gibt Chancen, ist aber zugleich auch streng. Dagmar ist lustig und versteht unseren Humor.<\/em><br \/><strong>(Runi und Ophelia, 13 und 12 Jahre)<\/strong><\/p>\n<p><em>Der Unterricht macht total Spa\u00df. Sie macht auch mal Witze und wir reden zwischendrin.<\/em><br \/><strong>(Raja, 11 Jahre)<\/strong><\/p>\n<p>\u00a0<\/p>\n<div id=\"buero\">\n<h3>B\u00fcro<\/h3>\n<h4>Andreas<img loading=\"lazy\" decoding=\"async\" class=\"size-full wp-image-479 alignleft\" src=\"https:\/\/www.freie-schule-regenbogen.de\/wordpress\/wp-content\/uploads\/2013\/06\/SL20131126b029_400px.jpg\" alt=\"SL20131126b029_400px\" width=\"400\" height=\"269\" srcset=\"https:\/\/www.freie-schule-regenbogen.de\/wordpress\/wp-content\/uploads\/2013\/06\/SL20131126b029_400px.jpg 400w, https:\/\/www.freie-schule-regenbogen.de\/wordpress\/wp-content\/uploads\/2013\/06\/SL20131126b029_400px-300x201.jpg 300w\" sizes=\"auto, (max-width: 400px) 100vw, 400px\" \/><\/h4>\n<p><em>Er arbeitet auch im B\u00fcro und hilft K\u00f6ssi. Er ist noch nicht so lange im B\u00fcro. Fr\u00fcher hat er mal in der Grundschule geholfen.<\/em><br \/><strong>(Lea, 11 Jahre)<\/strong><\/p>\n<h5>\u00a0<\/h5>\n<h3>\u00a0<\/h3>\n<h3>\u00a0<\/h3>\n<h3>Ehemalige<\/h3>\n<\/div>\n<h4><strong>Christian<img loading=\"lazy\" decoding=\"async\" class=\"size-full wp-image-330 alignright\" src=\"https:\/\/www.freie-schule-regenbogen.de\/wordpress\/wp-content\/uploads\/2013\/06\/SL20131008a191_klein.jpg\" alt=\"SL20131008a191_klein\" width=\"400\" height=\"270\" srcset=\"https:\/\/www.freie-schule-regenbogen.de\/wordpress\/wp-content\/uploads\/2013\/06\/SL20131008a191_klein.jpg 400w, https:\/\/www.freie-schule-regenbogen.de\/wordpress\/wp-content\/uploads\/2013\/06\/SL20131008a191_klein-300x202.jpg 300w\" sizes=\"auto, (max-width: 400px) 100vw, 400px\" \/><\/strong><\/h4>\n<p><em>Er \u00e4rgert uns oft, das finden wir witzig. Er kitzelt uns oft und spielt mit uns Fangen und Verstecken. Manchmal schnitzt er uns Schwerter und schenkt uns zu Ostern Spielsachen. Er baut uns H\u00f6hlen und Legoraumschiffe und Papierflieger und Kaplageb\u00e4ude. <\/em><strong>(Mauni und Smilla, 6 Jahre)<\/strong><\/p>\n<p><em> Ich spiele mit ihm Feenprinzessin und er ist das b\u00f6se Monster. <\/em><strong>(Anouk, 4 Jahre)<\/strong><\/p>\n<p><em> Der kitzelt uns bei `ner Kissenschlacht und will uns einfangen. Ich spiele mit ihm M\u00fcllmonster.<\/em><br \/><strong>(Malou, 4 Jahre)<\/strong><\/p>\n<p><em> Christian wollte der Prinz nicht sein, aber wir haben ihn dazu gezwungen. <\/em><strong>(Anouk und Malou, 4 Jahre)<\/strong><br \/><br class=\"\u201dclear\u201d\" \/><strong><img loading=\"lazy\" decoding=\"async\" class=\"alignnone size-medium wp-image-483\" src=\"https:\/\/www.freie-schule-regenbogen.de\/wordpress\/wp-content\/uploads\/2013\/06\/SL20131126b044_400px-300x201.jpg\" alt=\"\" width=\"300\" height=\"201\" srcset=\"https:\/\/www.freie-schule-regenbogen.de\/wordpress\/wp-content\/uploads\/2013\/06\/SL20131126b044_400px-300x201.jpg 300w, https:\/\/www.freie-schule-regenbogen.de\/wordpress\/wp-content\/uploads\/2013\/06\/SL20131126b044_400px.jpg 400w\" sizes=\"auto, (max-width: 300px) 100vw, 300px\" \/><img loading=\"lazy\" decoding=\"async\" class=\" wp-image-481 alignleft\" src=\"https:\/\/www.freie-schule-regenbogen.de\/wordpress\/wp-content\/uploads\/2013\/06\/SL20131126b037_400px.jpg\" alt=\"SL20131126b037_400px\" width=\"281\" height=\"190\" srcset=\"https:\/\/www.freie-schule-regenbogen.de\/wordpress\/wp-content\/uploads\/2013\/06\/SL20131126b037_400px.jpg 400w, https:\/\/www.freie-schule-regenbogen.de\/wordpress\/wp-content\/uploads\/2013\/06\/SL20131126b037_400px-300x202.jpg 300w\" sizes=\"auto, (max-width: 281px) 100vw, 281px\" \/><\/strong><\/p>\n<p><strong>Corina<\/strong><\/p>\n<p><em>Sie arbeitet im B\u00fcro und am Computer. Sie schreibt wichtige Dinge auf.<\/em><br \/><strong>(Celina, 11 Jahre)<\/strong><\/p>\n<h4>\u00a0<\/h4>\n<\/div>\n<\/div>\n<div id=\"kindergarten\">\n<div id=\"regelschule\">\n<h4>K\u00f6ssi<img loading=\"lazy\" decoding=\"async\" class=\"size-full wp-image-482 alignleft\" src=\"https:\/\/www.freie-schule-regenbogen.de\/wordpress\/wp-content\/uploads\/2013\/06\/SL20131126b054_400px.jpg\" alt=\"SL20131126b054_400px\" width=\"400\" height=\"270\" srcset=\"https:\/\/www.freie-schule-regenbogen.de\/wordpress\/wp-content\/uploads\/2013\/06\/SL20131126b054_400px.jpg 400w, https:\/\/www.freie-schule-regenbogen.de\/wordpress\/wp-content\/uploads\/2013\/06\/SL20131126b054_400px-300x202.jpg 300w\" sizes=\"auto, (max-width: 400px) 100vw, 400px\" \/><\/h4>\n<p><em>K\u00f6ssi ist immer sehr nett. Sie arbeitet im B\u00fcro am Computer.<\/em><br \/><strong>(Anouk, 9 Jahre)<\/strong><\/p>\n<p><em>Sie muss wichtige Sachen besprechen am Telefon. Sie k\u00fcmmert sich um das Geld und um unsere Termine und um Fahrscheine.<\/em><br \/><strong>(Lea, 11 Jahre)<\/strong><\/p>\n<h4 id=\"heike\" style=\"text-align: left;\"><img loading=\"lazy\" decoding=\"async\" class=\"size-full wp-image-487 alignleft\" src=\"https:\/\/www.freie-schule-regenbogen.de\/wordpress\/wp-content\/uploads\/2013\/06\/SL20131126b132_400px.jpg\" alt=\"SL20131126b132_400px\" width=\"400\" height=\"270\" srcset=\"https:\/\/www.freie-schule-regenbogen.de\/wordpress\/wp-content\/uploads\/2013\/06\/SL20131126b132_400px.jpg 400w, https:\/\/www.freie-schule-regenbogen.de\/wordpress\/wp-content\/uploads\/2013\/06\/SL20131126b132_400px-300x202.jpg 300w\" sizes=\"auto, (max-width: 400px) 100vw, 400px\" \/>Heike<\/h4>\n<p style=\"text-align: left;\"><em>Ich mag an Heike, wenn sie mit mir arbeitet. Und Heike macht das auch mit mir gerne. <\/em><em>Das mag ich an Heike. Und sie ist immer f\u00fcr mich da. <\/em><strong>(Skadi, 6 Jahre)<\/strong><\/p>\n<p style=\"text-align: left;\"><em>Es macht Spa\u00df, mit Heike zu lesen und es ist auch sch\u00f6n, mit ihr zu quatschen. <\/em><strong>(Anouk, 9 Jahre) <\/strong><\/p>\n<p style=\"text-align: left;\"><em>Heike ist witzig und manchmal auch streng.<\/em><strong> (<\/strong><strong>Celina, 11 Jahre)<\/strong><\/p>\n<h4>Stephani<img loading=\"lazy\" decoding=\"async\" class=\"size-full wp-image-339 alignright\" src=\"https:\/\/www.freie-schule-regenbogen.de\/wordpress\/wp-content\/uploads\/2013\/06\/SL20131008a047_klein.jpg\" alt=\"SL20131008a047_klein\" width=\"400\" height=\"270\" srcset=\"https:\/\/www.freie-schule-regenbogen.de\/wordpress\/wp-content\/uploads\/2013\/06\/SL20131008a047_klein.jpg 400w, https:\/\/www.freie-schule-regenbogen.de\/wordpress\/wp-content\/uploads\/2013\/06\/SL20131008a047_klein-300x202.jpg 300w\" sizes=\"auto, (max-width: 400px) 100vw, 400px\" \/><\/h4>\n<p><em>Stephani ist eine ehrliche und sehr gute Lehrerin. Und es ist gut, mit ihr zu lernen. <\/em><em>Man kann sich gut mit ihr \u00fcber pers\u00f6nliche Sachen unterhalten und es macht auch <\/em><em>Spa\u00df, mit ihr Spiele zu spielen. Und man kann mit Stephani gut Projektwochen verbringen. <\/em><strong>(Anouk, 9 Jahre)<\/strong><\/p>\n<p><em>Stephani ist eine sehr offene Lehrerin. Mit ihr kann man sehr gut reden und man kann <\/em><em>mit seinen Problemen zu ihr kommen. Deshalb mag ich Stephani.<\/em><br \/><strong>(Lea, 11 Jahre)<\/strong><\/p>\n<\/div>\n<p><em>Stephani ist nett und kann gut Dinge erkl\u00e4ren.<\/em><br \/><strong>(Lenny, 6 Jahre)<\/strong><\/p>\n<div id=\"kindergarten\">\n<h4>Mario<img loading=\"lazy\" decoding=\"async\" class=\"size-full wp-image-478 alignright\" src=\"https:\/\/www.freie-schule-regenbogen.de\/wordpress\/wp-content\/uploads\/2013\/06\/SL20131126b016_400px.jpg\" alt=\"SL20131126b016_400px\" width=\"400\" height=\"270\" srcset=\"https:\/\/www.freie-schule-regenbogen.de\/wordpress\/wp-content\/uploads\/2013\/06\/SL20131126b016_400px.jpg 400w, https:\/\/www.freie-schule-regenbogen.de\/wordpress\/wp-content\/uploads\/2013\/06\/SL20131126b016_400px-300x202.jpg 300w\" sizes=\"auto, (max-width: 400px) 100vw, 400px\" \/><\/h4>\n<p><em>Mario ist ein sehr netter Kerl. Er versteht einen auch gut. Er ist sehr musikalisch. Und was ich auch toll finde an ihm, dass wir gerade ein Lied ein\u00fcben. Und ich finde es auch sehr sch\u00f6n, dass wir alle am Freitag gemeinsam ein Lied singen und dass er immer den Anfang singt. Das ist Majon\u00e4se-ohne-K\u00e4se. <\/em><strong>(Estrela, 8 Jahre)<\/strong><\/p>\n<p><em> Mario ist ein total guter und netter Gitarrenspieler. Und es macht Spa\u00df ihm zuzuh\u00f6ren, wenn er Gitarre spielt. Er macht coole Musik.<\/em><br \/><strong> (Anouk und Celina, 9 und 11 Jahre)<\/strong><\/p>\n<p><em>Mario ist lustig und musikalisch. Er macht f\u00fcr uns Musik und ist nett. Es ist sch\u00f6n, wenn ich in der Intensivlernzeit bei ihm bin.<\/em><br \/><strong>(Anny, 9 Jahre)<\/strong><\/p>\n<div id=\"buero\">\n<div id=\"kueche\">\n<h4>P\u00fctti<\/h4>\n<h4><img loading=\"lazy\" decoding=\"async\" class=\"size-full wp-image-526 alignright\" src=\"https:\/\/www.freie-schule-regenbogen.de\/wordpress\/wp-content\/uploads\/2013\/06\/SL20131008a139_400px.jpg\" alt=\"SL20131008a139_400px\" width=\"400\" height=\"269\" srcset=\"https:\/\/www.freie-schule-regenbogen.de\/wordpress\/wp-content\/uploads\/2013\/06\/SL20131008a139_400px.jpg 400w, https:\/\/www.freie-schule-regenbogen.de\/wordpress\/wp-content\/uploads\/2013\/06\/SL20131008a139_400px-300x201.jpg 300w\" sizes=\"auto, (max-width: 400px) 100vw, 400px\" \/><\/h4>\n<p><em>Ich f<em>i<\/em>nd P\u00fctti eigentlich ganz cool, weil das Essen immer ziemlich lecker ist. Und ich find\u2019s cool, dass Philipp und er immer Musik h\u00f6ren beim Kochen.<\/em><br \/><strong>(Jules, 12 Jahre)<\/strong><\/p>\n<\/div>\n<\/div>\n<\/div>\n<\/div>\n<p><em>P\u00fctti kocht super Vegi-Essen und ist total lustig. Meine Lieblingsessen sind Kartoffelgoulasch, Vegi-D\u00f6ner und Klo\u00dfteigpizza. Kann ich nur empfehlen!<\/em><br \/><strong>(Jacob, 10 Jahre)<\/strong><\/p>\n<div id=\"kindergarten\">\n<div id=\"regelschule\">\n<div id=\"buero\">\n<div id=\"kueche\">\n<h4><img loading=\"lazy\" decoding=\"async\" class=\"alignnone size-full wp-image-527\" src=\"https:\/\/www.freie-schule-regenbogen.de\/wordpress\/wp-content\/uploads\/2013\/06\/SL20131008a149_400px.jpg\" alt=\"SL20131008a149_400px\" width=\"400\" height=\"270\" srcset=\"https:\/\/www.freie-schule-regenbogen.de\/wordpress\/wp-content\/uploads\/2013\/06\/SL20131008a149_400px.jpg 400w, https:\/\/www.freie-schule-regenbogen.de\/wordpress\/wp-content\/uploads\/2013\/06\/SL20131008a149_400px-300x202.jpg 300w\" sizes=\"auto, (max-width: 400px) 100vw, 400px\" \/><\/h4>\n<h4>Ulrike<img loading=\"lazy\" decoding=\"async\" class=\"size-full wp-image-484 alignright\" src=\"https:\/\/www.freie-schule-regenbogen.de\/wordpress\/wp-content\/uploads\/2013\/06\/SL20131126b085_400px.jpg\" alt=\"SL20131126b085_400px\" width=\"400\" height=\"270\" srcset=\"https:\/\/www.freie-schule-regenbogen.de\/wordpress\/wp-content\/uploads\/2013\/06\/SL20131126b085_400px.jpg 400w, https:\/\/www.freie-schule-regenbogen.de\/wordpress\/wp-content\/uploads\/2013\/06\/SL20131126b085_400px-300x202.jpg 300w\" sizes=\"auto, (max-width: 400px) 100vw, 400px\" \/><\/h4>\n<p><em>Ulrike hat vorher im Kindergarten, davor schon einmal in der Sekundarstufe gearbeitet. Gerade ist sie nur Bezugi, m\u00f6chte aber auch Kunst und Welterkundung machen. Im Moment macht sie die Eingew\u00f6hnung f\u00fcr die F\u00fcnftkl\u00e4ssler. <\/em><strong>(Lea, 11 Jahre)<\/strong><\/p>\n<\/div>\n<\/div>\n<\/div>\n<p>\u00a0<\/p>\n<div id=\"regelschule\">\n<div id=\"buero\">\n<div id=\"kueche\">\n<h5>\u00a0<\/h5>\n<h4>Matthias<img loading=\"lazy\" decoding=\"async\" class=\"size-full wp-image-733 alignright\" src=\"https:\/\/www.freie-schule-regenbogen.de\/wordpress\/wp-content\/uploads\/2013\/06\/SL20131008a360_400px.jpg\" alt=\"SL20131008a360_400px\" width=\"400\" height=\"270\" srcset=\"https:\/\/www.freie-schule-regenbogen.de\/wordpress\/wp-content\/uploads\/2013\/06\/SL20131008a360_400px.jpg 400w, https:\/\/www.freie-schule-regenbogen.de\/wordpress\/wp-content\/uploads\/2013\/06\/SL20131008a360_400px-300x202.jpg 300w\" sizes=\"auto, (max-width: 400px) 100vw, 400px\" \/><\/h4>\n<p><em>Es macht Spa\u00df, bei ihm Deutsch zu haben und der Unterricht ist sehr abwechslungsreich. Matthias ist ganz ruhig und ab und zu mal lustig.<\/em><br \/><strong>(Runi, Lina und Lilly, 13 Jahre)<\/strong><\/p>\n<p><em>Er lacht viel und ist immer gut drauf. Er ist sehr freundlich, locker und nicht so streng.<\/em><br \/><strong>(Anja, Ophelia und Anabel, 13 und 12 Jahre)<\/strong><\/p>\n<p>\u00a0<\/p>\n<p style=\"text-align: center;\"><strong>Fotos:<\/strong> Steffi Loos | <a title=\"Fotokombinat\" href=\"http:\/\/www.fotokombinat.net\" target=\"_blank\" rel=\"noopener\">www.fotokombinat.net<\/a><\/p>\n<\/div>\n<\/div>\n<\/div>\n<\/div>\n\n\n\n\n\n","protected":false},"excerpt":{"rendered":"<p>Kindergarten\u00a0 |\u00a0 Grundschule\u00a0 |\u00a0 Regelschule\u00a0 |\u00a0 B\u00fcro\u00a0 |\u00a0 K\u00fcche \u00a0 Kindergarten Maren Ich mag sie, weil sie eine Schlange auf &#8230; <br \/><a class=\"more-link\" href=\"https:\/\/www.freie-schule-regenbogen.de\/wordpress\/die-schule\/team\/\">weiterlesen<\/a><\/p>\n","protected":false},"author":2,"featured_media":0,"parent":30,"menu_order":0,"comment_status":"closed","ping_status":"closed","template":"","meta":{"footnotes":""},"class_list":["post-47","page","type-page","status-publish","hentry"],"_links":{"self":[{"href":"https:\/\/www.freie-schule-regenbogen.de\/wordpress\/wp-json\/wp\/v2\/pages\/47","targetHints":{"allow":["GET"]}}],"collection":[{"href":"https:\/\/www.freie-schule-regenbogen.de\/wordpress\/wp-json\/wp\/v2\/pages"}],"about":[{"href":"https:\/\/www.freie-schule-regenbogen.de\/wordpress\/wp-json\/wp\/v2\/types\/page"}],"author":[{"embeddable":true,"href":"https:\/\/www.freie-schule-regenbogen.de\/wordpress\/wp-json\/wp\/v2\/users\/2"}],"replies":[{"embeddable":true,"href":"https:\/\/www.freie-schule-regenbogen.de\/wordpress\/wp-json\/wp\/v2\/comments?post=47"}],"version-history":[{"count":202,"href":"https:\/\/www.freie-schule-regenbogen.de\/wordpress\/wp-json\/wp\/v2\/pages\/47\/revisions"}],"predecessor-version":[{"id":3574,"href":"https:\/\/www.freie-schule-regenbogen.de\/wordpress\/wp-json\/wp\/v2\/pages\/47\/revisions\/3574"}],"up":[{"embeddable":true,"href":"https:\/\/www.freie-schule-regenbogen.de\/wordpress\/wp-json\/wp\/v2\/pages\/30"}],"wp:attachment":[{"href":"https:\/\/www.freie-schule-regenbogen.de\/wordpress\/wp-json\/wp\/v2\/media?parent=47"}],"curies":[{"name":"wp","href":"https:\/\/api.w.org\/{rel}","templated":true}]}}